{"id":10132,"date":"2024-10-30T11:32:38","date_gmt":"2024-10-30T10:32:38","guid":{"rendered":"https:\/\/demo.wabi.it\/wm\/?page_id=10132"},"modified":"2025-08-08T17:32:43","modified_gmt":"2025-08-08T15:32:43","slug":"impressum","status":"publish","type":"page","link":"https:\/\/www.wm-technics.com\/de\/impressum\/","title":{"rendered":"Impressum"},"content":{"rendered":"\n<h3 class=\"wp-block-heading mb-2\">WM technics GmbH<\/h3>\n\n\n\n<p>Breiener Stra\u00dfe 15<br>39053 &#8211; Blumau\/Karneid<br>BZ, Italien<\/p>\n\n\n\n<p>MwSt.-Nr.: IT 02929330211<br>Empf\u00e4ngerkodex f\u00fcr die elektronische Rechnung: M5UXCR1<br>E-Mail: info@wm-technics.com<br>PEC: wm-technics@pec.it<br>Telefon: +39 0471 353 332<\/p>\n\n\n\n<p>Handelskammer: Bozen \/ Italien<br>Eintragungsnummer Handelskammer: 02929330211<br>REA Nr.: BZ-217416<br>Gesellschaftskapital: 120.000,00 \u20ac<br><\/p>\n\n\n\n<h4 class=\"wp-block-heading mb-2\">Copyright Hinweis<\/h4>\n\n\n\n<p>Die bereitgestellten Informationen auf dieser Website wurden sorgf\u00e4ltig gepr\u00fcft und werden regelm\u00e4\u00dfig aktualisiert. Es kann jedoch keine Garantie daf\u00fcr \u00fcbernommen werden, dass die auf dieser Website bereitgestellten Informationen vollst\u00e4ndig, richtig oder aktuell sind. Die WM technics GmbH \u00fcbernimmt keine Verantwortung f\u00fcr den Inhalt von Kommentaren Dritter sowie f\u00fcr den Inhalt vonseiten Dritter, die \u00fcber Links von dieser Website erreichbar sind. F\u00fcr die Inhalte der verlinkten Seiten haftet ausschlie\u00dflich der Anbieter der jeweiligen Website. S\u00e4mtliche Beitr\u00e4ge, die Sie auf dieser Homepage finden, sind urheberrechtlich gesch\u00fctzt. Alle abrufbaren Informationen auf der Website erfolgen ohne Gew\u00e4hr f\u00fcr deren Richtigkeit. F\u00fcr Sch\u00e4den, die durch die Nutzung dieser Website oder der verlinkten Inhalte entstehen, wird keine Haftung \u00fcbernommen.<br><\/p>\n\n\n\n<h4 class=\"wp-block-heading mb-2\">Gesch\u00e4ftsf\u00fchrer<\/h4>\n\n\n\n<p>Markus Kofler<\/p>\n\n\n\n<h4 class=\"wp-block-heading mb-2\">Bankverbindung<\/h4>\n\n\n\n<p>Name der Bank: Raiffeisenkasse Schlern-Rosengarten<br>Adresse der Bank: Gewerbegebiet Kardaun 1, 39053, Karneid, Italien<br>Kontoinhaber: WM technics GmbH<br>IBAN: IT 66 T 08065 58323 000303001555<br>BIC\/SWIFT: RZSBIT21510<br>Inkrafttreten: Ab heute, 04.08.2025 (4. August, 2025)<\/p>\n\n\n\n<div class=\"wp-block-buttons is-layout-flex gap-1 mb-3\">\n<div class=\"wp-block-button is-style-outline is-style-outline--1\"><a class=\"btn btn-outline-primary wp-element-button\" href=\"https:\/\/www.wm-technics.com\/wp-content\/uploads\/2025\/08\/Aenderung-der-Bankdaten_WM-technics.pdf\" target=\"_blank\" rel=\"noreferrer noopener\">Entdecken<\/a><\/div>\n<\/div>\n","protected":false},"excerpt":{"rendered":"<p>WM technics GmbH Breiener Stra\u00dfe 1539053 &#8211; Blumau\/KarneidBZ, Italien MwSt.-Nr.: IT 02929330211Empf\u00e4ngerkodex f\u00fcr die elektronische Rechnung: M5UXCR1E-Mail: info@wm-technics.comPEC: wm-technics@pec.itTelefon: +39 0471 353 332 Handelskammer: Bozen \/ ItalienEintragungsnummer Handelskammer: 02929330211REA Nr.: BZ-217416Gesellschaftskapital: 120.000,00 \u20ac Copyright Hinweis Die bereitgestellten Informationen auf dieser Website wurden sorgf\u00e4ltig gepr\u00fcft und werden regelm\u00e4\u00dfig aktualisiert. Es kann jedoch keine Garantie daf\u00fcr \u00fcbernommen [&hellip;]<\/p>\n","protected":false},"author":2,"featured_media":0,"parent":0,"menu_order":0,"comment_status":"closed","ping_status":"closed","template":"tpl-policy-terms.php","meta":{"_acf_changed":false,"footnotes":""},"class_list":["post-10132","page","type-page","status-publish","hentry"],"acf":[],"yoast_head":"<!-- This site is optimized with the Yoast SEO plugin v26.2 - https:\/\/yoast.com\/wordpress\/plugins\/seo\/ -->\n<title>Impressum - WM technics<\/title>\n<meta name=\"robots\" content=\"noindex, follow\" \/>\n<meta property=\"og:locale\" content=\"de_DE\" \/>\n<meta property=\"og:type\" content=\"article\" \/>\n<meta property=\"og:title\" content=\"Impressum - WM technics\" \/>\n<meta property=\"og:description\" content=\"WM technics GmbH Breiener Stra\u00dfe 1539053 &#8211; Blumau\/KarneidBZ, Italien MwSt.-Nr.: IT 02929330211Empf\u00e4ngerkodex f\u00fcr die elektronische Rechnung: M5UXCR1E-Mail: info@wm-technics.comPEC: wm-technics@pec.itTelefon: +39 0471 353 332 Handelskammer: Bozen \/ ItalienEintragungsnummer Handelskammer: 02929330211REA Nr.: BZ-217416Gesellschaftskapital: 120.000,00 \u20ac Copyright Hinweis Die bereitgestellten Informationen auf dieser Website wurden sorgf\u00e4ltig gepr\u00fcft und werden regelm\u00e4\u00dfig aktualisiert. Es kann jedoch keine Garantie daf\u00fcr \u00fcbernommen [&hellip;]\" \/>\n<meta property=\"og:url\" content=\"https:\/\/www.wm-technics.com\/de\/impressum\/\" \/>\n<meta property=\"og:site_name\" content=\"WM technics\" \/>\n<meta property=\"article:modified_time\" content=\"2025-08-08T15:32:43+00:00\" \/>\n<script type=\"application\/ld+json\" class=\"yoast-schema-graph\">{\"@context\":\"https:\/\/schema.org\",\"@graph\":[{\"@type\":\"WebPage\",\"@id\":\"https:\/\/www.wm-technics.com\/de\/impressum\/\",\"url\":\"https:\/\/www.wm-technics.com\/de\/impressum\/\",\"name\":\"Impressum - WM technics\",\"isPartOf\":{\"@id\":\"https:\/\/www.wm-technics.com\/de\/#website\"},\"datePublished\":\"2024-10-30T10:32:38+00:00\",\"dateModified\":\"2025-08-08T15:32:43+00:00\",\"breadcrumb\":{\"@id\":\"https:\/\/www.wm-technics.com\/de\/impressum\/#breadcrumb\"},\"inLanguage\":\"de\",\"potentialAction\":[{\"@type\":\"ReadAction\",\"target\":[\"https:\/\/www.wm-technics.com\/de\/impressum\/\"]}]},{\"@type\":\"BreadcrumbList\",\"@id\":\"https:\/\/www.wm-technics.com\/de\/impressum\/#breadcrumb\",\"itemListElement\":[{\"@type\":\"ListItem\",\"position\":1,\"name\":\"Home\",\"item\":\"https:\/\/www.wm-technics.com\/de\/\"},{\"@type\":\"ListItem\",\"position\":2,\"name\":\"Impressum\"}]},{\"@type\":\"WebSite\",\"@id\":\"https:\/\/www.wm-technics.com\/de\/#website\",\"url\":\"https:\/\/www.wm-technics.com\/de\/\",\"name\":\"WM technics\",\"description\":\"\",\"potentialAction\":[{\"@type\":\"SearchAction\",\"target\":{\"@type\":\"EntryPoint\",\"urlTemplate\":\"https:\/\/www.wm-technics.com\/de\/?s={search_term_string}\"},\"query-input\":{\"@type\":\"PropertyValueSpecification\",\"valueRequired\":true,\"valueName\":\"search_term_string\"}}],\"inLanguage\":\"de\"}]}<\/script>\n<!-- \/ Yoast SEO plugin. -->","yoast_head_json":{"title":"Impressum - WM technics","robots":{"index":"noindex","follow":"follow"},"og_locale":"de_DE","og_type":"article","og_title":"Impressum - WM technics","og_description":"WM technics GmbH Breiener Stra\u00dfe 1539053 &#8211; Blumau\/KarneidBZ, Italien MwSt.-Nr.: IT 02929330211Empf\u00e4ngerkodex f\u00fcr die elektronische Rechnung: M5UXCR1E-Mail: info@wm-technics.comPEC: wm-technics@pec.itTelefon: +39 0471 353 332 Handelskammer: Bozen \/ ItalienEintragungsnummer Handelskammer: 02929330211REA Nr.: BZ-217416Gesellschaftskapital: 120.000,00 \u20ac Copyright Hinweis Die bereitgestellten Informationen auf dieser Website wurden sorgf\u00e4ltig gepr\u00fcft und werden regelm\u00e4\u00dfig aktualisiert. Es kann jedoch keine Garantie daf\u00fcr \u00fcbernommen [&hellip;]","og_url":"https:\/\/www.wm-technics.com\/de\/impressum\/","og_site_name":"WM technics","article_modified_time":"2025-08-08T15:32:43+00:00","schema":{"@context":"https:\/\/schema.org","@graph":[{"@type":"WebPage","@id":"https:\/\/www.wm-technics.com\/de\/impressum\/","url":"https:\/\/www.wm-technics.com\/de\/impressum\/","name":"Impressum - WM technics","isPartOf":{"@id":"https:\/\/www.wm-technics.com\/de\/#website"},"datePublished":"2024-10-30T10:32:38+00:00","dateModified":"2025-08-08T15:32:43+00:00","breadcrumb":{"@id":"https:\/\/www.wm-technics.com\/de\/impressum\/#breadcrumb"},"inLanguage":"de","potentialAction":[{"@type":"ReadAction","target":["https:\/\/www.wm-technics.com\/de\/impressum\/"]}]},{"@type":"BreadcrumbList","@id":"https:\/\/www.wm-technics.com\/de\/impressum\/#breadcrumb","itemListElement":[{"@type":"ListItem","position":1,"name":"Home","item":"https:\/\/www.wm-technics.com\/de\/"},{"@type":"ListItem","position":2,"name":"Impressum"}]},{"@type":"WebSite","@id":"https:\/\/www.wm-technics.com\/de\/#website","url":"https:\/\/www.wm-technics.com\/de\/","name":"WM technics","description":"","potentialAction":[{"@type":"SearchAction","target":{"@type":"EntryPoint","urlTemplate":"https:\/\/www.wm-technics.com\/de\/?s={search_term_string}"},"query-input":{"@type":"PropertyValueSpecification","valueRequired":true,"valueName":"search_term_string"}}],"inLanguage":"de"}]}},"_links":{"self":[{"href":"https:\/\/www.wm-technics.com\/de\/wp-json\/wp\/v2\/pages\/10132","targetHints":{"allow":["GET"]}}],"collection":[{"href":"https:\/\/www.wm-technics.com\/de\/wp-json\/wp\/v2\/pages"}],"about":[{"href":"https:\/\/www.wm-technics.com\/de\/wp-json\/wp\/v2\/types\/page"}],"author":[{"embeddable":true,"href":"https:\/\/www.wm-technics.com\/de\/wp-json\/wp\/v2\/users\/2"}],"replies":[{"embeddable":true,"href":"https:\/\/www.wm-technics.com\/de\/wp-json\/wp\/v2\/comments?post=10132"}],"version-history":[{"count":5,"href":"https:\/\/www.wm-technics.com\/de\/wp-json\/wp\/v2\/pages\/10132\/revisions"}],"predecessor-version":[{"id":12900,"href":"https:\/\/www.wm-technics.com\/de\/wp-json\/wp\/v2\/pages\/10132\/revisions\/12900"}],"wp:attachment":[{"href":"https:\/\/www.wm-technics.com\/de\/wp-json\/wp\/v2\/media?parent=10132"}],"curies":[{"name":"wp","href":"https:\/\/api.w.org\/{rel}","templated":true}]}}