{"id":9870,"date":"2024-10-04T11:35:17","date_gmt":"2024-10-04T09:35:17","guid":{"rendered":"https:\/\/demo.wabi.it\/wm\/mondo-agri\/portattrezzi\/"},"modified":"2025-07-01T16:02:42","modified_gmt":"2025-07-01T14:02:42","slug":"geraetetraeger","status":"publish","type":"page","link":"https:\/\/www.wm-technics.com\/de\/agri\/geratetrager\/","title":{"rendered":"Ger\u00e4tetr\u00e4ger"},"content":{"rendered":"","protected":false},"excerpt":{"rendered":"","protected":false},"author":2,"featured_media":0,"parent":9719,"menu_order":0,"comment_status":"closed","ping_status":"closed","template":"tpl-agri-porta-attrezzi.php","meta":{"_acf_changed":false,"footnotes":""},"class_list":["post-9870","page","type-page","status-publish","hentry"],"acf":[],"yoast_head":"<!-- This site is optimized with the Yoast SEO plugin v26.2 - https:\/\/yoast.com\/wordpress\/plugins\/seo\/ -->\n<title>Ger\u00e4tetr\u00e4ger f\u00fcr Landwirtschaft und Weinbau - Innovation pur<\/title>\n<meta name=\"description\" content=\"Keine Herausforderung zu gro\u00df - die Ger\u00e4tetr\u00e4ger von WM technics f\u00fcr: Terrassenweinbau \u2713 Erziehungssysteme jeder Art \u2713 Mehr dazu\" \/>\n<meta name=\"robots\" content=\"index, follow, max-snippet:-1, max-image-preview:large, max-video-preview:-1\" \/>\n<link rel=\"canonical\" href=\"https:\/\/www.wm-technics.com\/de\/agri\/geratetrager\/\" \/>\n<meta property=\"og:locale\" content=\"de_DE\" \/>\n<meta property=\"og:type\" content=\"article\" \/>\n<meta property=\"og:title\" content=\"Ger\u00e4tetr\u00e4ger f\u00fcr Landwirtschaft und Weinbau - Innovation pur\" \/>\n<meta property=\"og:description\" content=\"Keine Herausforderung zu gro\u00df - die Ger\u00e4tetr\u00e4ger von WM technics f\u00fcr: Terrassenweinbau \u2713 Erziehungssysteme jeder Art \u2713 Mehr dazu\" \/>\n<meta property=\"og:url\" content=\"https:\/\/www.wm-technics.com\/de\/agri\/geratetrager\/\" \/>\n<meta property=\"og:site_name\" content=\"WM technics\" \/>\n<meta property=\"article:modified_time\" content=\"2025-07-01T14:02:42+00:00\" \/>\n<script type=\"application\/ld+json\" class=\"yoast-schema-graph\">{\"@context\":\"https:\/\/schema.org\",\"@graph\":[{\"@type\":\"WebPage\",\"@id\":\"https:\/\/www.wm-technics.com\/de\/agri\/geratetrager\/\",\"url\":\"https:\/\/www.wm-technics.com\/de\/agri\/geratetrager\/\",\"name\":\"Ger\u00e4tetr\u00e4ger f\u00fcr Landwirtschaft und Weinbau - Innovation pur\",\"isPartOf\":{\"@id\":\"https:\/\/www.wm-technics.com\/de\/#website\"},\"datePublished\":\"2024-10-04T09:35:17+00:00\",\"dateModified\":\"2025-07-01T14:02:42+00:00\",\"description\":\"Keine Herausforderung zu gro\u00df - die Ger\u00e4tetr\u00e4ger von WM technics f\u00fcr: Terrassenweinbau \u2713 Erziehungssysteme jeder Art \u2713 Mehr dazu\",\"breadcrumb\":{\"@id\":\"https:\/\/www.wm-technics.com\/de\/agri\/geratetrager\/#breadcrumb\"},\"inLanguage\":\"de\",\"potentialAction\":[{\"@type\":\"ReadAction\",\"target\":[\"https:\/\/www.wm-technics.com\/de\/agri\/geratetrager\/\"]}]},{\"@type\":\"BreadcrumbList\",\"@id\":\"https:\/\/www.wm-technics.com\/de\/agri\/geratetrager\/#breadcrumb\",\"itemListElement\":[{\"@type\":\"ListItem\",\"position\":1,\"name\":\"Home\",\"item\":\"https:\/\/www.wm-technics.com\/de\/\"},{\"@type\":\"ListItem\",\"position\":2,\"name\":\"Produktwelt Agri\",\"item\":\"https:\/\/www.wm-technics.com\/de\/agri\/\"},{\"@type\":\"ListItem\",\"position\":3,\"name\":\"Ger\u00e4tetr\u00e4ger\"}]},{\"@type\":\"WebSite\",\"@id\":\"https:\/\/www.wm-technics.com\/de\/#website\",\"url\":\"https:\/\/www.wm-technics.com\/de\/\",\"name\":\"WM technics\",\"description\":\"\",\"potentialAction\":[{\"@type\":\"SearchAction\",\"target\":{\"@type\":\"EntryPoint\",\"urlTemplate\":\"https:\/\/www.wm-technics.com\/de\/?s={search_term_string}\"},\"query-input\":{\"@type\":\"PropertyValueSpecification\",\"valueRequired\":true,\"valueName\":\"search_term_string\"}}],\"inLanguage\":\"de\"}]}<\/script>\n<!-- \/ Yoast SEO plugin. -->","yoast_head_json":{"title":"Ger\u00e4tetr\u00e4ger f\u00fcr Landwirtschaft und Weinbau - Innovation pur","description":"Keine Herausforderung zu gro\u00df - die Ger\u00e4tetr\u00e4ger von WM technics f\u00fcr: Terrassenweinbau \u2713 Erziehungssysteme jeder Art \u2713 Mehr dazu","robots":{"index":"index","follow":"follow","max-snippet":"max-snippet:-1","max-image-preview":"max-image-preview:large","max-video-preview":"max-video-preview:-1"},"canonical":"https:\/\/www.wm-technics.com\/de\/agri\/geratetrager\/","og_locale":"de_DE","og_type":"article","og_title":"Ger\u00e4tetr\u00e4ger f\u00fcr Landwirtschaft und Weinbau - Innovation pur","og_description":"Keine Herausforderung zu gro\u00df - die Ger\u00e4tetr\u00e4ger von WM technics f\u00fcr: Terrassenweinbau \u2713 Erziehungssysteme jeder Art \u2713 Mehr dazu","og_url":"https:\/\/www.wm-technics.com\/de\/agri\/geratetrager\/","og_site_name":"WM technics","article_modified_time":"2025-07-01T14:02:42+00:00","schema":{"@context":"https:\/\/schema.org","@graph":[{"@type":"WebPage","@id":"https:\/\/www.wm-technics.com\/de\/agri\/geratetrager\/","url":"https:\/\/www.wm-technics.com\/de\/agri\/geratetrager\/","name":"Ger\u00e4tetr\u00e4ger f\u00fcr Landwirtschaft und Weinbau - Innovation pur","isPartOf":{"@id":"https:\/\/www.wm-technics.com\/de\/#website"},"datePublished":"2024-10-04T09:35:17+00:00","dateModified":"2025-07-01T14:02:42+00:00","description":"Keine Herausforderung zu gro\u00df - die Ger\u00e4tetr\u00e4ger von WM technics f\u00fcr: Terrassenweinbau \u2713 Erziehungssysteme jeder Art \u2713 Mehr dazu","breadcrumb":{"@id":"https:\/\/www.wm-technics.com\/de\/agri\/geratetrager\/#breadcrumb"},"inLanguage":"de","potentialAction":[{"@type":"ReadAction","target":["https:\/\/www.wm-technics.com\/de\/agri\/geratetrager\/"]}]},{"@type":"BreadcrumbList","@id":"https:\/\/www.wm-technics.com\/de\/agri\/geratetrager\/#breadcrumb","itemListElement":[{"@type":"ListItem","position":1,"name":"Home","item":"https:\/\/www.wm-technics.com\/de\/"},{"@type":"ListItem","position":2,"name":"Produktwelt Agri","item":"https:\/\/www.wm-technics.com\/de\/agri\/"},{"@type":"ListItem","position":3,"name":"Ger\u00e4tetr\u00e4ger"}]},{"@type":"WebSite","@id":"https:\/\/www.wm-technics.com\/de\/#website","url":"https:\/\/www.wm-technics.com\/de\/","name":"WM technics","description":"","potentialAction":[{"@type":"SearchAction","target":{"@type":"EntryPoint","urlTemplate":"https:\/\/www.wm-technics.com\/de\/?s={search_term_string}"},"query-input":{"@type":"PropertyValueSpecification","valueRequired":true,"valueName":"search_term_string"}}],"inLanguage":"de"}]}},"_links":{"self":[{"href":"https:\/\/www.wm-technics.com\/de\/wp-json\/wp\/v2\/pages\/9870","targetHints":{"allow":["GET"]}}],"collection":[{"href":"https:\/\/www.wm-technics.com\/de\/wp-json\/wp\/v2\/pages"}],"about":[{"href":"https:\/\/www.wm-technics.com\/de\/wp-json\/wp\/v2\/types\/page"}],"author":[{"embeddable":true,"href":"https:\/\/www.wm-technics.com\/de\/wp-json\/wp\/v2\/users\/2"}],"replies":[{"embeddable":true,"href":"https:\/\/www.wm-technics.com\/de\/wp-json\/wp\/v2\/comments?post=9870"}],"version-history":[{"count":1,"href":"https:\/\/www.wm-technics.com\/de\/wp-json\/wp\/v2\/pages\/9870\/revisions"}],"predecessor-version":[{"id":10315,"href":"https:\/\/www.wm-technics.com\/de\/wp-json\/wp\/v2\/pages\/9870\/revisions\/10315"}],"up":[{"embeddable":true,"href":"https:\/\/www.wm-technics.com\/de\/wp-json\/wp\/v2\/pages\/9719"}],"wp:attachment":[{"href":"https:\/\/www.wm-technics.com\/de\/wp-json\/wp\/v2\/media?parent=9870"}],"curies":[{"name":"wp","href":"https:\/\/api.w.org\/{rel}","templated":true}]}}