{"id":9794,"date":"2024-10-30T11:32:38","date_gmt":"2024-10-30T10:32:38","guid":{"rendered":"https:\/\/demo.wabi.it\/wm\/?page_id=9794"},"modified":"2025-08-08T17:22:40","modified_gmt":"2025-08-08T15:22:40","slug":"colofone","status":"publish","type":"page","link":"https:\/\/www.wm-technics.com\/it\/colofone\/","title":{"rendered":"Colofone"},"content":{"rendered":"\n<h3 class=\"wp-block-heading mb-2\">WM technics Srl<\/h3>\n\n\n\n<p>Via Bri\u00e8 15<br>39053 &#8211; Prato all\u2019Isarco\/Cornedo all\u2019Isarco<br>BZ, Italia<\/p>\n\n\n\n<p>Part. IVA: IT 02929330211<br>Codice destinatario: M5UXCR1<br>E-Mail: info@wm-technics.com<br>PEC: wm-technics@pec.it<br>Telefono: +39 0471 353 332<\/p>\n\n\n\n<p>Registro delle imprese: Bozen \/ Italia<br>Iscrizione nel Registro delle imprese: 02929330211<br>REA no.: BZ-217416<br>Capitale sociale interamente versato Euro: 120.000,00 \u20ac<\/p>\n\n\n\n<h4 class=\"wp-block-heading mb-2\">Copyright<\/h4>\n\n\n\n<p>Le informazioni messe a disposizione su questo sito internet vengano verificate con cura e vengano aggiornate regolarmente. Non pu\u00f2 essere assunta nessuna garanzia che le informazioni messe a disposizione su questo sito sono complete, giuste o anche attuali.<br>WM technics Srl non assume nessuna responsabilit\u00e0 per il contenuto di commenti di terzi, nonch\u00e8 per il contenuto di siti di terzi che sono accessibili tramite link di questo sito. Per i contenuti \u00e8 respsonabile l\u2019operatore dei relativi siti.<br>Tutti i contenuti che si trovano su questo sito internet sono tutelate dal punto di vista del diritto di autore. Tutte le informazioni disponibili sul sito risultano senza garanzia di correttezza. Per eventuali danni non viene assunta nessuna responsabilit\u00e0. Questo vale anche per tutti i siti che sono accessibili tramite link.<\/p>\n\n\n\n<h4 class=\"wp-block-heading mb-2\">Amministratore<\/h4>\n\n\n\n<p>Markus Kofler<\/p>\n\n\n\n<h4 class=\"wp-block-heading mb-2\">Coordinate bancarie<\/h4>\n\n\n\n<p>Nome della banca: Cassa Raiffeisen Schlern-Rosengarten<br>Indirizzo della banca: Zona Produttiva Cardano 1, 39053, Cornedo all\u2019Isarco, Italia<br>Intestatario del conto: WM technics GmbH<br>IBAN: IT 66 T 08065 58323 000303001555<br>BIC\/SWIFT: RZSBIT21510<br>Data attivit\u00e0: Partendo oggi, 04\/08\/2025 (4 agosto, 2025)<\/p>\n\n\n\n<div class=\"wp-block-buttons is-layout-flex gap-1 mb-3\">\n<div class=\"wp-block-button is-style-outline is-style-outline--1\"><a class=\"btn btn-outline-primary wp-element-button\" href=\"https:\/\/www.wm-technics.com\/wp-content\/uploads\/2025\/08\/Cambiamento-dati-bancari_WM-technics.pdf\" target=\"_blank\" rel=\"noreferrer noopener\">Scopri<\/a><\/div>\n<\/div>\n\n\n\n<p><\/p>\n","protected":false},"excerpt":{"rendered":"<p>WM technics Srl Via Bri\u00e8 1539053 &#8211; Prato all\u2019Isarco\/Cornedo all\u2019IsarcoBZ, Italia Part. IVA: IT 02929330211Codice destinatario: M5UXCR1E-Mail: info@wm-technics.comPEC: wm-technics@pec.itTelefono: +39 0471 353 332 Registro delle imprese: Bozen \/ ItaliaIscrizione nel Registro delle imprese: 02929330211REA no.: BZ-217416Capitale sociale interamente versato Euro: 120.000,00 \u20ac Copyright Le informazioni messe a disposizione su questo sito internet vengano verificate con [&hellip;]<\/p>\n","protected":false},"author":2,"featured_media":0,"parent":0,"menu_order":0,"comment_status":"closed","ping_status":"closed","template":"tpl-policy-terms.php","meta":{"_acf_changed":false,"footnotes":""},"class_list":["post-9794","page","type-page","status-publish","hentry"],"acf":[],"yoast_head":"<!-- This site is optimized with the Yoast SEO plugin v26.2 - https:\/\/yoast.com\/wordpress\/plugins\/seo\/ -->\n<title>Colofone - WM technics<\/title>\n<meta name=\"robots\" content=\"noindex, follow\" \/>\n<meta property=\"og:locale\" content=\"it_IT\" \/>\n<meta property=\"og:type\" content=\"article\" \/>\n<meta property=\"og:title\" content=\"Colofone - WM technics\" \/>\n<meta property=\"og:description\" content=\"WM technics Srl Via Bri\u00e8 1539053 &#8211; Prato all\u2019Isarco\/Cornedo all\u2019IsarcoBZ, Italia Part. IVA: IT 02929330211Codice destinatario: M5UXCR1E-Mail: info@wm-technics.comPEC: wm-technics@pec.itTelefono: +39 0471 353 332 Registro delle imprese: Bozen \/ ItaliaIscrizione nel Registro delle imprese: 02929330211REA no.: BZ-217416Capitale sociale interamente versato Euro: 120.000,00 \u20ac Copyright Le informazioni messe a disposizione su questo sito internet vengano verificate con [&hellip;]\" \/>\n<meta property=\"og:url\" content=\"https:\/\/www.wm-technics.com\/it\/colofone\/\" \/>\n<meta property=\"og:site_name\" content=\"WM technics\" \/>\n<meta property=\"article:modified_time\" content=\"2025-08-08T15:22:40+00:00\" \/>\n<script type=\"application\/ld+json\" class=\"yoast-schema-graph\">{\"@context\":\"https:\/\/schema.org\",\"@graph\":[{\"@type\":\"WebPage\",\"@id\":\"https:\/\/www.wm-technics.com\/it\/colofone\/\",\"url\":\"https:\/\/www.wm-technics.com\/it\/colofone\/\",\"name\":\"Colofone - WM technics\",\"isPartOf\":{\"@id\":\"https:\/\/www.wm-technics.com\/it\/#website\"},\"datePublished\":\"2024-10-30T10:32:38+00:00\",\"dateModified\":\"2025-08-08T15:22:40+00:00\",\"breadcrumb\":{\"@id\":\"https:\/\/www.wm-technics.com\/it\/colofone\/#breadcrumb\"},\"inLanguage\":\"it-IT\",\"potentialAction\":[{\"@type\":\"ReadAction\",\"target\":[\"https:\/\/www.wm-technics.com\/it\/colofone\/\"]}]},{\"@type\":\"BreadcrumbList\",\"@id\":\"https:\/\/www.wm-technics.com\/it\/colofone\/#breadcrumb\",\"itemListElement\":[{\"@type\":\"ListItem\",\"position\":1,\"name\":\"Home\",\"item\":\"https:\/\/www.wm-technics.com\/it\/home-new\/\"},{\"@type\":\"ListItem\",\"position\":2,\"name\":\"Colofone\"}]},{\"@type\":\"WebSite\",\"@id\":\"https:\/\/www.wm-technics.com\/it\/#website\",\"url\":\"https:\/\/www.wm-technics.com\/it\/\",\"name\":\"WM technics\",\"description\":\"\",\"potentialAction\":[{\"@type\":\"SearchAction\",\"target\":{\"@type\":\"EntryPoint\",\"urlTemplate\":\"https:\/\/www.wm-technics.com\/it\/?s={search_term_string}\"},\"query-input\":{\"@type\":\"PropertyValueSpecification\",\"valueRequired\":true,\"valueName\":\"search_term_string\"}}],\"inLanguage\":\"it-IT\"}]}<\/script>\n<!-- \/ Yoast SEO plugin. -->","yoast_head_json":{"title":"Colofone - WM technics","robots":{"index":"noindex","follow":"follow"},"og_locale":"it_IT","og_type":"article","og_title":"Colofone - WM technics","og_description":"WM technics Srl Via Bri\u00e8 1539053 &#8211; Prato all\u2019Isarco\/Cornedo all\u2019IsarcoBZ, Italia Part. IVA: IT 02929330211Codice destinatario: M5UXCR1E-Mail: info@wm-technics.comPEC: wm-technics@pec.itTelefono: +39 0471 353 332 Registro delle imprese: Bozen \/ ItaliaIscrizione nel Registro delle imprese: 02929330211REA no.: BZ-217416Capitale sociale interamente versato Euro: 120.000,00 \u20ac Copyright Le informazioni messe a disposizione su questo sito internet vengano verificate con [&hellip;]","og_url":"https:\/\/www.wm-technics.com\/it\/colofone\/","og_site_name":"WM technics","article_modified_time":"2025-08-08T15:22:40+00:00","schema":{"@context":"https:\/\/schema.org","@graph":[{"@type":"WebPage","@id":"https:\/\/www.wm-technics.com\/it\/colofone\/","url":"https:\/\/www.wm-technics.com\/it\/colofone\/","name":"Colofone - WM technics","isPartOf":{"@id":"https:\/\/www.wm-technics.com\/it\/#website"},"datePublished":"2024-10-30T10:32:38+00:00","dateModified":"2025-08-08T15:22:40+00:00","breadcrumb":{"@id":"https:\/\/www.wm-technics.com\/it\/colofone\/#breadcrumb"},"inLanguage":"it-IT","potentialAction":[{"@type":"ReadAction","target":["https:\/\/www.wm-technics.com\/it\/colofone\/"]}]},{"@type":"BreadcrumbList","@id":"https:\/\/www.wm-technics.com\/it\/colofone\/#breadcrumb","itemListElement":[{"@type":"ListItem","position":1,"name":"Home","item":"https:\/\/www.wm-technics.com\/it\/home-new\/"},{"@type":"ListItem","position":2,"name":"Colofone"}]},{"@type":"WebSite","@id":"https:\/\/www.wm-technics.com\/it\/#website","url":"https:\/\/www.wm-technics.com\/it\/","name":"WM technics","description":"","potentialAction":[{"@type":"SearchAction","target":{"@type":"EntryPoint","urlTemplate":"https:\/\/www.wm-technics.com\/it\/?s={search_term_string}"},"query-input":{"@type":"PropertyValueSpecification","valueRequired":true,"valueName":"search_term_string"}}],"inLanguage":"it-IT"}]}},"_links":{"self":[{"href":"https:\/\/www.wm-technics.com\/it\/wp-json\/wp\/v2\/pages\/9794","targetHints":{"allow":["GET"]}}],"collection":[{"href":"https:\/\/www.wm-technics.com\/it\/wp-json\/wp\/v2\/pages"}],"about":[{"href":"https:\/\/www.wm-technics.com\/it\/wp-json\/wp\/v2\/types\/page"}],"author":[{"embeddable":true,"href":"https:\/\/www.wm-technics.com\/it\/wp-json\/wp\/v2\/users\/2"}],"replies":[{"embeddable":true,"href":"https:\/\/www.wm-technics.com\/it\/wp-json\/wp\/v2\/comments?post=9794"}],"version-history":[{"count":11,"href":"https:\/\/www.wm-technics.com\/it\/wp-json\/wp\/v2\/pages\/9794\/revisions"}],"predecessor-version":[{"id":12886,"href":"https:\/\/www.wm-technics.com\/it\/wp-json\/wp\/v2\/pages\/9794\/revisions\/12886"}],"wp:attachment":[{"href":"https:\/\/www.wm-technics.com\/it\/wp-json\/wp\/v2\/media?parent=9794"}],"curies":[{"name":"wp","href":"https:\/\/api.w.org\/{rel}","templated":true}]}}